{"id":76573,"date":"2026-05-03T06:38:22","date_gmt":"2026-05-03T06:38:22","guid":{"rendered":"https:\/\/hygienewaste.co.za\/?post_type=product&#038;p=76573"},"modified":"2026-05-03T12:47:33","modified_gmt":"2026-05-03T12:47:33","slug":"import-placeholder-for-4682","status":"publish","type":"product","link":"https:\/\/hygienewaste.co.za\/?product=import-placeholder-for-4682","title":{"rendered":"Steco Hyhrid Solar Inverter 3000W"},"content":{"rendered":"<p>High performance 3kW pure sine wave inverterConfigurable input voltage, battery charging currents and AC\/Solar Charger priority via LCD smart settingsOver heat, overload, short circuit and deep discharge protectionCompatible to mains voltage or generator powerSmart charger design for optimum battery performanceWIFI remote monitoring and cold start function.Rated Output Power: 3000W (3kW)Input Votage Waveform: SinusoidalMax. AC Input Voltage: 300Vac ~ 50\/60HzInversion Efficiency: 90\ufffdficiency (Utility Mode): >95% (Rated R Load &#8211; battery fully loaded)Transfer Time: 10ms typical (UPS, VDE) 20ms typical (APL)Cold Start Voltage: 23VdcCharging Current: MPPT-60AMax. Charging Current: 80ABattery Volt. Accuracy: +\/10.3%Charging Algorithm: 3-Step (Flooded Battery, AGM \/Gel Battery), 4-Step (LI)Operating Temperature: -10\u00c2 degrees C -50\u00c2 degrees CStorage Temperature: -15\u00c2 degrees C -60\u00c2 degrees CNett Weight: 7.4kgs<\/p>\n","protected":false},"excerpt":{"rendered":"<p>High performance 3kW pure sine wave inverterConfigurable input voltage, battery charging currents and AC\/Solar Charger priority via LCD smart settingsOver heat, overload, short circuit and deep discharge protectionCompatible to mains voltage or generator powerSmart charger design for optimum battery performanceWIFI remote monitoring and cold start function.Rated Output Power: 3000W (3kW)Input Votage Waveform: SinusoidalMax. AC Input Voltage: 300Vac ~ 50\/60HzInversion Efficiency: 90\ufffdficiency (Utility Mode): >95% (Rated R Load &#8211; battery fully loaded)Transfer Time: 10ms typical (UPS, VDE) 20ms typical (APL)Cold Start Voltage: 23VdcCharging Current: MPPT-60AMax. Charging Current: 80ABattery Volt. Accuracy: +\/10.3%Charging Algorithm: 3-Step (Flooded Battery, AGM \/Gel Battery), 4-Step (LI)Operating Temperature: -10\u00c2 degrees C -50\u00c2 degrees CStorage Temperature: -15\u00c2 degrees C -60\u00c2 degrees CNett Weight: 7.4kgs<\/p>\n","protected":false},"featured_media":76582,"template":"","meta":{"content-type":""},"product_brand":[],"product_cat":[29020],"product_tag":[],"class_list":{"0":"post-76573","1":"product","2":"type-product","3":"status-publish","4":"has-post-thumbnail","6":"product_cat-solar-components","8":"first","9":"instock","10":"shipping-taxable","11":"purchasable","12":"product-type-simple"},"jetpack_sharing_enabled":true,"_links":{"self":[{"href":"https:\/\/hygienewaste.co.za\/index.php?rest_route=\/wp\/v2\/product\/76573","targetHints":{"allow":["GET"]}}],"collection":[{"href":"https:\/\/hygienewaste.co.za\/index.php?rest_route=\/wp\/v2\/product"}],"about":[{"href":"https:\/\/hygienewaste.co.za\/index.php?rest_route=\/wp\/v2\/types\/product"}],"wp:featuredmedia":[{"embeddable":true,"href":"https:\/\/hygienewaste.co.za\/index.php?rest_route=\/wp\/v2\/media\/76582"}],"wp:attachment":[{"href":"https:\/\/hygienewaste.co.za\/index.php?rest_route=%2Fwp%2Fv2%2Fmedia&parent=76573"}],"wp:term":[{"taxonomy":"product_brand","embeddable":true,"href":"https:\/\/hygienewaste.co.za\/index.php?rest_route=%2Fwp%2Fv2%2Fproduct_brand&post=76573"},{"taxonomy":"product_cat","embeddable":true,"href":"https:\/\/hygienewaste.co.za\/index.php?rest_route=%2Fwp%2Fv2%2Fproduct_cat&post=76573"},{"taxonomy":"product_tag","embeddable":true,"href":"https:\/\/hygienewaste.co.za\/index.php?rest_route=%2Fwp%2Fv2%2Fproduct_tag&post=76573"}],"curies":[{"name":"wp","href":"https:\/\/api.w.org\/{rel}","templated":true}]}}